{"id":2628,"date":"2021-11-14T20:09:47","date_gmt":"2021-11-15T01:09:47","guid":{"rendered":"https:\/\/imporbeer.com.co\/portal-corporativo\/?post_type=product&#038;p=2628"},"modified":"2022-07-14T21:22:09","modified_gmt":"2022-07-15T02:22:09","slug":"cerveza-alemana-schofferhofer-hefe-weizen-botella-500-ml-caja-x-18","status":"publish","type":"product","link":"https:\/\/imporbeer.com.co\/portal-corporativo\/producto\/cerveza-alemana-schofferhofer-hefe-weizen-botella-500-ml-caja-x-18\/","title":{"rendered":"Cerveza Alemana Sch\u00f6fferhofer Hefe Weizen Botella 500 ml"},"content":{"rendered":"","protected":false},"excerpt":{"rendered":"","protected":false},"featured_media":5374,"template":"","meta":{"site-sidebar-layout":"default","site-content-layout":"default","ast-site-content-layout":"","site-content-style":"default","site-sidebar-style":"default","ast-global-header-display":"","ast-banner-title-visibility":"","ast-main-header-display":"","ast-hfb-above-header-display":"","ast-hfb-below-header-display":"","ast-hfb-mobile-header-display":"","site-post-title":"","ast-breadcrumbs-content":"","ast-featured-img":"","footer-sml-layout":"","theme-transparent-header-meta":"default","adv-header-id-meta":null,"stick-header-meta":"default","header-above-stick-meta":null,"header-main-stick-meta":"","header-below-stick-meta":null,"astra-migrate-meta-layouts":""},"product_cat":[100,132,83,110,116,120,112,81,96,128],"product_tag":[],"class_list":["post-2628","product","type-product","status-publish","has-post-thumbnail","hentry","product_cat-3-6","product_cat-ale","product_cat-alemania","product_cat-caja","product_cat-cerveza-de-trigo","product_cat-hefe-weizen","product_cat-lata","product_cat-radeberger-gruppe","product_cat-schofferhofer-hefe-weizen","product_cat-weissbier","pa_caja-o-unidad-unidad","pa_caja-o-unidad-caja"],"acf":[],"yoast_head":"<!-- This site is optimized with the Yoast SEO plugin v21.0 - https:\/\/yoast.com\/wordpress\/plugins\/seo\/ -->\n<title>Cerveza Alemana Sch\u00f6fferhofer Hefe Weizen Botella 500 ml - IMPORBEER<\/title>\n<meta name=\"description\" content=\"Conoce m\u00e1s de laCerveza Alemana Sch\u00f6fferhofer Hefe Weizen Botella 500 ml en IMPORBEER\" \/>\n<meta name=\"robots\" content=\"index, follow, max-snippet:-1, max-image-preview:large, max-video-preview:-1\" \/>\n<link rel=\"canonical\" href=\"https:\/\/imporbeer.com.co\/portal-corporativo\/producto\/cerveza-alemana-schofferhofer-hefe-weizen-botella-500-ml-caja-x-18\/\" \/>\n<meta property=\"og:locale\" content=\"es_ES\" \/>\n<meta property=\"og:type\" content=\"article\" \/>\n<meta property=\"og:title\" content=\"Cerveza Alemana Sch\u00f6fferhofer Hefe Weizen Botella 500 ml - IMPORBEER\" \/>\n<meta property=\"og:description\" content=\"Conoce m\u00e1s de laCerveza Alemana Sch\u00f6fferhofer Hefe Weizen Botella 500 ml en IMPORBEER\" \/>\n<meta property=\"og:url\" content=\"https:\/\/imporbeer.com.co\/portal-corporativo\/producto\/cerveza-alemana-schofferhofer-hefe-weizen-botella-500-ml-caja-x-18\/\" \/>\n<meta property=\"og:site_name\" content=\"IMPORBEER\" \/>\n<meta property=\"article:modified_time\" content=\"2022-07-15T02:22:09+00:00\" \/>\n<meta property=\"og:image\" content=\"https:\/\/imporbeer.com.co\/portal-corporativo\/wp-content\/uploads\/2021\/11\/Cerveza-Alemana-Schofferhofer-Hefe-Weizen-Botella-500-ml-Caja-x-18-01.png\" \/>\n\t<meta property=\"og:image:width\" content=\"1600\" \/>\n\t<meta property=\"og:image:height\" content=\"837\" \/>\n\t<meta property=\"og:image:type\" content=\"image\/png\" \/>\n<meta name=\"twitter:card\" content=\"summary_large_image\" \/>\n<meta name=\"twitter:description\" content=\"Conoce m\u00e1s de laCerveza Alemana Sch\u00f6fferhofer Hefe Weizen Botella 500 ml en IMPORBEER\" \/>\n<meta name=\"twitter:image\" content=\"https:\/\/i0.wp.com\/imporbeer.com.co\/portal-corporativo\/wp-content\/uploads\/2021\/11\/Cerveza-Alemana-Schofferhofer-Hefe-Weizen-Botella-500-ml-Caja-x-18-01.png?fit=1600%2C837&ssl=1\" \/>\n<script type=\"application\/ld+json\" class=\"yoast-schema-graph\">{\"@context\":\"https:\/\/schema.org\",\"@graph\":[{\"@type\":\"WebPage\",\"@id\":\"https:\/\/imporbeer.com.co\/portal-corporativo\/producto\/cerveza-alemana-schofferhofer-hefe-weizen-botella-500-ml-caja-x-18\/\",\"url\":\"https:\/\/imporbeer.com.co\/portal-corporativo\/producto\/cerveza-alemana-schofferhofer-hefe-weizen-botella-500-ml-caja-x-18\/\",\"name\":\"Cerveza Alemana Sch\u00f6fferhofer Hefe Weizen Botella 500 ml - IMPORBEER\",\"isPartOf\":{\"@id\":\"https:\/\/imporbeer.com.co\/portal-corporativo\/#website\"},\"datePublished\":\"2021-11-15T01:09:47+00:00\",\"dateModified\":\"2022-07-15T02:22:09+00:00\",\"description\":\"Conoce m\u00e1s de laCerveza Alemana Sch\u00f6fferhofer Hefe Weizen Botella 500 ml en IMPORBEER\",\"breadcrumb\":{\"@id\":\"https:\/\/imporbeer.com.co\/portal-corporativo\/producto\/cerveza-alemana-schofferhofer-hefe-weizen-botella-500-ml-caja-x-18\/#breadcrumb\"},\"inLanguage\":\"es\",\"potentialAction\":[{\"@type\":\"ReadAction\",\"target\":[\"https:\/\/imporbeer.com.co\/portal-corporativo\/producto\/cerveza-alemana-schofferhofer-hefe-weizen-botella-500-ml-caja-x-18\/\"]}]},{\"@type\":\"BreadcrumbList\",\"@id\":\"https:\/\/imporbeer.com.co\/portal-corporativo\/producto\/cerveza-alemana-schofferhofer-hefe-weizen-botella-500-ml-caja-x-18\/#breadcrumb\",\"itemListElement\":[{\"@type\":\"ListItem\",\"position\":1,\"name\":\"Inicio\",\"item\":\"https:\/\/imporbeer.com.co\/portal-corporativo\/\"},{\"@type\":\"ListItem\",\"position\":2,\"name\":\"Catalogo de productos\",\"item\":\"https:\/\/imporbeer.com.co\/portal-corporativo\/catalogo\/\"},{\"@type\":\"ListItem\",\"position\":3,\"name\":\"Cerveza Alemana Sch\u00f6fferhofer Hefe Weizen Botella 500 ml\"}]},{\"@type\":\"WebSite\",\"@id\":\"https:\/\/imporbeer.com.co\/portal-corporativo\/#website\",\"url\":\"https:\/\/imporbeer.com.co\/portal-corporativo\/\",\"name\":\"IMPORBEER\",\"description\":\"Portal Corporativo_Portal Clientes\",\"publisher\":{\"@id\":\"https:\/\/imporbeer.com.co\/portal-corporativo\/#organization\"},\"potentialAction\":[{\"@type\":\"SearchAction\",\"target\":{\"@type\":\"EntryPoint\",\"urlTemplate\":\"https:\/\/imporbeer.com.co\/portal-corporativo\/?s={search_term_string}\"},\"query-input\":\"required name=search_term_string\"}],\"inLanguage\":\"es\"},{\"@type\":\"Organization\",\"@id\":\"https:\/\/imporbeer.com.co\/portal-corporativo\/#organization\",\"name\":\"IMPORBEER\",\"url\":\"https:\/\/imporbeer.com.co\/portal-corporativo\/\",\"logo\":{\"@type\":\"ImageObject\",\"inLanguage\":\"es\",\"@id\":\"https:\/\/imporbeer.com.co\/portal-corporativo\/#\/schema\/logo\/image\/\",\"url\":\"https:\/\/i0.wp.com\/imporbeer.com.co\/portal-corporativo\/wp-content\/uploads\/2021\/11\/cropped-logo-imporbeer.png?fit=232%2C78&ssl=1\",\"contentUrl\":\"https:\/\/i0.wp.com\/imporbeer.com.co\/portal-corporativo\/wp-content\/uploads\/2021\/11\/cropped-logo-imporbeer.png?fit=232%2C78&ssl=1\",\"width\":232,\"height\":78,\"caption\":\"IMPORBEER\"},\"image\":{\"@id\":\"https:\/\/imporbeer.com.co\/portal-corporativo\/#\/schema\/logo\/image\/\"}}]}<\/script>\n<!-- \/ Yoast SEO plugin. -->","yoast_head_json":{"title":"Cerveza Alemana Sch\u00f6fferhofer Hefe Weizen Botella 500 ml - IMPORBEER","description":"Conoce m\u00e1s de laCerveza Alemana Sch\u00f6fferhofer Hefe Weizen Botella 500 ml en IMPORBEER","robots":{"index":"index","follow":"follow","max-snippet":"max-snippet:-1","max-image-preview":"max-image-preview:large","max-video-preview":"max-video-preview:-1"},"canonical":"https:\/\/imporbeer.com.co\/portal-corporativo\/producto\/cerveza-alemana-schofferhofer-hefe-weizen-botella-500-ml-caja-x-18\/","og_locale":"es_ES","og_type":"article","og_title":"Cerveza Alemana Sch\u00f6fferhofer Hefe Weizen Botella 500 ml - IMPORBEER","og_description":"Conoce m\u00e1s de laCerveza Alemana Sch\u00f6fferhofer Hefe Weizen Botella 500 ml en IMPORBEER","og_url":"https:\/\/imporbeer.com.co\/portal-corporativo\/producto\/cerveza-alemana-schofferhofer-hefe-weizen-botella-500-ml-caja-x-18\/","og_site_name":"IMPORBEER","article_modified_time":"2022-07-15T02:22:09+00:00","og_image":[{"width":1600,"height":837,"url":"https:\/\/imporbeer.com.co\/portal-corporativo\/wp-content\/uploads\/2021\/11\/Cerveza-Alemana-Schofferhofer-Hefe-Weizen-Botella-500-ml-Caja-x-18-01.png","type":"image\/png"}],"twitter_card":"summary_large_image","twitter_description":"Conoce m\u00e1s de laCerveza Alemana Sch\u00f6fferhofer Hefe Weizen Botella 500 ml en IMPORBEER","twitter_image":"https:\/\/i0.wp.com\/imporbeer.com.co\/portal-corporativo\/wp-content\/uploads\/2021\/11\/Cerveza-Alemana-Schofferhofer-Hefe-Weizen-Botella-500-ml-Caja-x-18-01.png?fit=1600%2C837&ssl=1","schema":{"@context":"https:\/\/schema.org","@graph":[{"@type":"WebPage","@id":"https:\/\/imporbeer.com.co\/portal-corporativo\/producto\/cerveza-alemana-schofferhofer-hefe-weizen-botella-500-ml-caja-x-18\/","url":"https:\/\/imporbeer.com.co\/portal-corporativo\/producto\/cerveza-alemana-schofferhofer-hefe-weizen-botella-500-ml-caja-x-18\/","name":"Cerveza Alemana Sch\u00f6fferhofer Hefe Weizen Botella 500 ml - IMPORBEER","isPartOf":{"@id":"https:\/\/imporbeer.com.co\/portal-corporativo\/#website"},"datePublished":"2021-11-15T01:09:47+00:00","dateModified":"2022-07-15T02:22:09+00:00","description":"Conoce m\u00e1s de laCerveza Alemana Sch\u00f6fferhofer Hefe Weizen Botella 500 ml en IMPORBEER","breadcrumb":{"@id":"https:\/\/imporbeer.com.co\/portal-corporativo\/producto\/cerveza-alemana-schofferhofer-hefe-weizen-botella-500-ml-caja-x-18\/#breadcrumb"},"inLanguage":"es","potentialAction":[{"@type":"ReadAction","target":["https:\/\/imporbeer.com.co\/portal-corporativo\/producto\/cerveza-alemana-schofferhofer-hefe-weizen-botella-500-ml-caja-x-18\/"]}]},{"@type":"BreadcrumbList","@id":"https:\/\/imporbeer.com.co\/portal-corporativo\/producto\/cerveza-alemana-schofferhofer-hefe-weizen-botella-500-ml-caja-x-18\/#breadcrumb","itemListElement":[{"@type":"ListItem","position":1,"name":"Inicio","item":"https:\/\/imporbeer.com.co\/portal-corporativo\/"},{"@type":"ListItem","position":2,"name":"Catalogo de productos","item":"https:\/\/imporbeer.com.co\/portal-corporativo\/catalogo\/"},{"@type":"ListItem","position":3,"name":"Cerveza Alemana Sch\u00f6fferhofer Hefe Weizen Botella 500 ml"}]},{"@type":"WebSite","@id":"https:\/\/imporbeer.com.co\/portal-corporativo\/#website","url":"https:\/\/imporbeer.com.co\/portal-corporativo\/","name":"IMPORBEER","description":"Portal Corporativo_Portal Clientes","publisher":{"@id":"https:\/\/imporbeer.com.co\/portal-corporativo\/#organization"},"potentialAction":[{"@type":"SearchAction","target":{"@type":"EntryPoint","urlTemplate":"https:\/\/imporbeer.com.co\/portal-corporativo\/?s={search_term_string}"},"query-input":"required name=search_term_string"}],"inLanguage":"es"},{"@type":"Organization","@id":"https:\/\/imporbeer.com.co\/portal-corporativo\/#organization","name":"IMPORBEER","url":"https:\/\/imporbeer.com.co\/portal-corporativo\/","logo":{"@type":"ImageObject","inLanguage":"es","@id":"https:\/\/imporbeer.com.co\/portal-corporativo\/#\/schema\/logo\/image\/","url":"https:\/\/i0.wp.com\/imporbeer.com.co\/portal-corporativo\/wp-content\/uploads\/2021\/11\/cropped-logo-imporbeer.png?fit=232%2C78&ssl=1","contentUrl":"https:\/\/i0.wp.com\/imporbeer.com.co\/portal-corporativo\/wp-content\/uploads\/2021\/11\/cropped-logo-imporbeer.png?fit=232%2C78&ssl=1","width":232,"height":78,"caption":"IMPORBEER"},"image":{"@id":"https:\/\/imporbeer.com.co\/portal-corporativo\/#\/schema\/logo\/image\/"}}]}},"_links":{"self":[{"href":"https:\/\/imporbeer.com.co\/portal-corporativo\/wp-json\/wp\/v2\/product\/2628","targetHints":{"allow":["GET"]}}],"collection":[{"href":"https:\/\/imporbeer.com.co\/portal-corporativo\/wp-json\/wp\/v2\/product"}],"about":[{"href":"https:\/\/imporbeer.com.co\/portal-corporativo\/wp-json\/wp\/v2\/types\/product"}],"version-history":[{"count":2,"href":"https:\/\/imporbeer.com.co\/portal-corporativo\/wp-json\/wp\/v2\/product\/2628\/revisions"}],"predecessor-version":[{"id":3627,"href":"https:\/\/imporbeer.com.co\/portal-corporativo\/wp-json\/wp\/v2\/product\/2628\/revisions\/3627"}],"wp:featuredmedia":[{"embeddable":true,"href":"https:\/\/imporbeer.com.co\/portal-corporativo\/wp-json\/wp\/v2\/media\/5374"}],"wp:attachment":[{"href":"https:\/\/imporbeer.com.co\/portal-corporativo\/wp-json\/wp\/v2\/media?parent=2628"}],"wp:term":[{"taxonomy":"product_cat","embeddable":true,"href":"https:\/\/imporbeer.com.co\/portal-corporativo\/wp-json\/wp\/v2\/product_cat?post=2628"},{"taxonomy":"product_tag","embeddable":true,"href":"https:\/\/imporbeer.com.co\/portal-corporativo\/wp-json\/wp\/v2\/product_tag?post=2628"}],"curies":[{"name":"wp","href":"https:\/\/api.w.org\/{rel}","templated":true}]}}