{"id":12,"date":"2019-01-23T06:32:08","date_gmt":"2019-01-23T11:32:08","guid":{"rendered":"https:\/\/imporbeer.com.co\/portal-corporativo\/contact-us\/"},"modified":"2021-12-16T19:17:33","modified_gmt":"2021-12-17T00:17:33","slug":"contacto","status":"publish","type":"page","link":"https:\/\/imporbeer.com.co\/portal-corporativo\/contacto\/","title":{"rendered":"Contacto"},"content":{"rendered":"\t\t<div data-elementor-type=\"wp-post\" data-elementor-id=\"12\" class=\"elementor elementor-12\">\n\t\t\t\t\t\t\t\t\t<section class=\"elementor-section elementor-top-section elementor-element elementor-element-9ff25fa elementor-section-boxed elementor-section-height-default elementor-section-height-default\" data-id=\"9ff25fa\" data-element_type=\"section\" data-settings=\"{&quot;background_background&quot;:&quot;classic&quot;}\">\n\t\t\t\t\t\t\t<div class=\"elementor-background-overlay\"><\/div>\n\t\t\t\t\t\t\t<div class=\"elementor-container elementor-column-gap-no\">\n\t\t\t\t\t<div class=\"elementor-column elementor-col-100 elementor-top-column elementor-element elementor-element-aa2695b\" data-id=\"aa2695b\" data-element_type=\"column\">\n\t\t\t<div class=\"elementor-widget-wrap elementor-element-populated\">\n\t\t\t\t\t\t\t\t<div class=\"elementor-element elementor-element-5f3f64d elementor-widget elementor-widget-heading\" data-id=\"5f3f64d\" data-element_type=\"widget\" data-widget_type=\"heading.default\">\n\t\t\t\t<div class=\"elementor-widget-container\">\n\t\t\t<h1 class=\"elementor-heading-title elementor-size-default\">Contacto<\/h1>\t\t<\/div>\n\t\t\t\t<\/div>\n\t\t\t\t\t<\/div>\n\t\t<\/div>\n\t\t\t\t\t\t\t<\/div>\n\t\t<\/section>\n\t\t\t\t<section class=\"elementor-section elementor-top-section elementor-element elementor-element-8977841 elementor-section-boxed elementor-section-height-default elementor-section-height-default\" data-id=\"8977841\" data-element_type=\"section\">\n\t\t\t\t\t\t<div class=\"elementor-container elementor-column-gap-no\">\n\t\t\t\t\t<div class=\"elementor-column elementor-col-66 elementor-top-column elementor-element elementor-element-d2afd70\" data-id=\"d2afd70\" data-element_type=\"column\">\n\t\t\t<div class=\"elementor-widget-wrap elementor-element-populated\">\n\t\t\t\t\t\t\t\t<div class=\"elementor-element elementor-element-5d9ced2 elementor-widget elementor-widget-image\" data-id=\"5d9ced2\" data-element_type=\"widget\" data-widget_type=\"image.default\">\n\t\t\t\t<div class=\"elementor-widget-container\">\n\t\t\t\t\t\t\t\t\t\t\t\t\t\t\t<img loading=\"lazy\" decoding=\"async\" width=\"5850\" height=\"5266\" src=\"https:\/\/i0.wp.com\/imporbeer.com.co\/portal-corporativo\/wp-content\/uploads\/2021\/11\/importadora-de-cervezas-imporbeer.png?fit=5850%2C5266&amp;ssl=1\" class=\"attachment-full size-full wp-image-2833\" alt=\"\" srcset=\"https:\/\/i0.wp.com\/imporbeer.com.co\/portal-corporativo\/wp-content\/uploads\/2021\/11\/importadora-de-cervezas-imporbeer.png?w=5850&amp;ssl=1 5850w, https:\/\/i0.wp.com\/imporbeer.com.co\/portal-corporativo\/wp-content\/uploads\/2021\/11\/importadora-de-cervezas-imporbeer.png?resize=300%2C270&amp;ssl=1 300w, https:\/\/i0.wp.com\/imporbeer.com.co\/portal-corporativo\/wp-content\/uploads\/2021\/11\/importadora-de-cervezas-imporbeer.png?resize=1024%2C922&amp;ssl=1 1024w, https:\/\/i0.wp.com\/imporbeer.com.co\/portal-corporativo\/wp-content\/uploads\/2021\/11\/importadora-de-cervezas-imporbeer.png?resize=768%2C691&amp;ssl=1 768w, https:\/\/i0.wp.com\/imporbeer.com.co\/portal-corporativo\/wp-content\/uploads\/2021\/11\/importadora-de-cervezas-imporbeer.png?resize=1536%2C1383&amp;ssl=1 1536w, https:\/\/i0.wp.com\/imporbeer.com.co\/portal-corporativo\/wp-content\/uploads\/2021\/11\/importadora-de-cervezas-imporbeer.png?resize=2048%2C1844&amp;ssl=1 2048w, https:\/\/i0.wp.com\/imporbeer.com.co\/portal-corporativo\/wp-content\/uploads\/2021\/11\/importadora-de-cervezas-imporbeer.png?resize=500%2C450&amp;ssl=1 500w, https:\/\/i0.wp.com\/imporbeer.com.co\/portal-corporativo\/wp-content\/uploads\/2021\/11\/importadora-de-cervezas-imporbeer.png?w=3000&amp;ssl=1 3000w\" sizes=\"auto, (max-width: 1000px) 100vw, 1000px\" \/>\t\t\t\t\t\t\t\t\t\t\t\t\t\t\t<\/div>\n\t\t\t\t<\/div>\n\t\t\t\t\t<\/div>\n\t\t<\/div>\n\t\t\t\t<div class=\"elementor-column elementor-col-33 elementor-top-column elementor-element elementor-element-f92daad\" data-id=\"f92daad\" data-element_type=\"column\">\n\t\t\t<div class=\"elementor-widget-wrap elementor-element-populated\">\n\t\t\t\t\t\t\t\t<div class=\"elementor-element elementor-element-79d303f elementor-widget elementor-widget-shortcode\" data-id=\"79d303f\" data-element_type=\"widget\" data-widget_type=\"shortcode.default\">\n\t\t\t\t<div class=\"elementor-widget-container\">\n\t\t\t\t\t<div class=\"elementor-shortcode\">\n<div class=\"wpcf7 no-js\" id=\"wpcf7-f1730-o1\" lang=\"es-ES\" dir=\"ltr\">\n<div class=\"screen-reader-response\"><p role=\"status\" aria-live=\"polite\" aria-atomic=\"true\"><\/p> <ul><\/ul><\/div>\n<form action=\"\/portal-corporativo\/wp-json\/wp\/v2\/pages\/12#wpcf7-f1730-o1\" method=\"post\" class=\"wpcf7-form init\" aria-label=\"Formulario de contacto\" novalidate=\"novalidate\" data-status=\"init\">\n<div style=\"display: none;\">\n<input type=\"hidden\" name=\"_wpcf7\" value=\"1730\" \/>\n<input type=\"hidden\" name=\"_wpcf7_version\" value=\"5.8\" \/>\n<input type=\"hidden\" name=\"_wpcf7_locale\" value=\"es_ES\" \/>\n<input type=\"hidden\" name=\"_wpcf7_unit_tag\" value=\"wpcf7-f1730-o1\" \/>\n<input type=\"hidden\" name=\"_wpcf7_container_post\" value=\"0\" \/>\n<input type=\"hidden\" name=\"_wpcf7_posted_data_hash\" value=\"\" \/>\n<input type=\"hidden\" name=\"_wpcf7_recaptcha_response\" value=\"\" \/>\n<\/div>\n<div class=\"col-al-50\">\n\t<p><span class=\"wpcf7-form-control-wrap\" data-name=\"your-name\"><input size=\"40\" class=\"wpcf7-form-control wpcf7-text wpcf7-validates-as-required\" aria-required=\"true\" aria-invalid=\"false\" placeholder=\"Nombre*\" value=\"\" type=\"text\" name=\"your-name\" \/><\/span>\n\t<\/p>\n<\/div>\n<div class=\"col-al-50\">\n\t<p><span class=\"wpcf7-form-control-wrap\" data-name=\"apellido\"><input size=\"40\" class=\"wpcf7-form-control wpcf7-text wpcf7-validates-as-required\" aria-required=\"true\" aria-invalid=\"false\" placeholder=\"Apellido*\" value=\"\" type=\"text\" name=\"apellido\" \/><\/span>\n\t<\/p>\n<\/div>\n<div class=\"col-al-100\">\n\t<p><span class=\"wpcf7-form-control-wrap\" data-name=\"empresa\"><input size=\"40\" class=\"wpcf7-form-control wpcf7-text wpcf7-validates-as-required\" aria-required=\"true\" aria-invalid=\"false\" placeholder=\"Nombre de la empresa*\" value=\"\" type=\"text\" name=\"empresa\" \/><\/span>\n\t<\/p>\n<\/div>\n<div class=\"col-al-100\">\n\t<p><span class=\"wpcf7-form-control-wrap\" data-name=\"your-email\"><input size=\"40\" class=\"wpcf7-form-control wpcf7-email wpcf7-validates-as-required wpcf7-text wpcf7-validates-as-email\" aria-required=\"true\" aria-invalid=\"false\" placeholder=\"Correo*\" value=\"\" type=\"email\" name=\"your-email\" \/><\/span>\n\t<\/p>\n<\/div>\n<div class=\"col-al-100\">\n\t<p><span class=\"wpcf7-form-control-wrap\" data-name=\"your-phone\"><input size=\"40\" class=\"wpcf7-form-control wpcf7-text wpcf7-validates-as-required\" aria-required=\"true\" aria-invalid=\"false\" placeholder=\"Telefono*\" value=\"\" type=\"text\" name=\"your-phone\" \/><\/span>\n\t<\/p>\n<\/div>\n<div class=\"col-al-100\">\n\t<p><span class=\"wpcf7-form-control-wrap\" data-name=\"asunto\"><select class=\"wpcf7-form-control wpcf7-select\" aria-invalid=\"false\" name=\"asunto\"><option value=\"\u00bfCu\u00e1l es tu asunto?\">\u00bfCu\u00e1l es tu asunto?<\/option><option value=\"Recomendaciones y sugerencias.\">Recomendaciones y sugerencias.<\/option><option value=\"Quiero ser proveedor.\">Quiero ser proveedor.<\/option><option value=\"Deseo ser cliente.\">Deseo ser cliente.<\/option><option value=\"Otro.\">Otro.<\/option><\/select><\/span>\n\t<\/p>\n<\/div>\n<div class=\"col-al-50\">\n\t<p>Departamento <span class=\"wpcf7-form-control-wrap departamento_auto departamento\"><select class=\"wpcf7-form-control wpcf7-departamento wpcf7-validates-as-required wpcf7-select departamento\" aria-required=\"true\" aria-invalid=\"false\" name=\"departamento\" ><option value=\"0\">---<\/option><option value='Amazonas' data-id='1'>Amazonas<\/option><option value='Antioquia' data-id='2'>Antioquia<\/option><option value='Arauca' data-id='3'>Arauca<\/option><option value='Archipi\u00e9lago De San Andr\u00e9s' data-id='4'>Archipi\u00e9lago De San Andr\u00e9s<\/option><option value='Atl\u00e1ntico' data-id='5'>Atl\u00e1ntico<\/option><option value='Bogot\u00e1, D.C.' data-id='6'>Bogot\u00e1, D.C.<\/option><option value='Bol\u00edvar' data-id='7'>Bol\u00edvar<\/option><option value='Boyac\u00e1' data-id='8'>Boyac\u00e1<\/option><option value='Caldas' data-id='9'>Caldas<\/option><option value='Caquet\u00e1' data-id='10'>Caquet\u00e1<\/option><option value='Casanare' data-id='11'>Casanare<\/option><option value='Cauca' data-id='12'>Cauca<\/option><option value='Cesar' data-id='13'>Cesar<\/option><option value='Choc\u00f3' data-id='14'>Choc\u00f3<\/option><option value='C\u00f3rdoba' data-id='15'>C\u00f3rdoba<\/option><option value='Cundinamarca' data-id='16'>Cundinamarca<\/option><option value='Guain\u00eda' data-id='17'>Guain\u00eda<\/option><option value='Guaviare' data-id='18'>Guaviare<\/option><option value='Huila' data-id='19'>Huila<\/option><option value='La Guajira' data-id='20'>La Guajira<\/option><option value='Magdalena' data-id='21'>Magdalena<\/option><option value='Meta' data-id='22'>Meta<\/option><option value='Nari\u00f1o' data-id='23'>Nari\u00f1o<\/option><option value='Norte De Santander' data-id='24'>Norte De Santander<\/option><option value='Putumayo' data-id='25'>Putumayo<\/option><option value='Quindio' data-id='26'>Quindio<\/option><option value='Risaralda' data-id='27'>Risaralda<\/option><option value='Santander' data-id='28'>Santander<\/option><option value='Sucre' data-id='29'>Sucre<\/option><option value='Tolima' data-id='30'>Tolima<\/option><option value='Valle Del Cauca' data-id='31'>Valle Del Cauca<\/option><option value='Vaup\u00e9s' data-id='32'>Vaup\u00e9s<\/option><option value='Vichada' data-id='32'>Vichada<\/option><\/select><\/span>\n\t<\/p>\n<\/div>\n<div class=\"col-al-50\">\n\t<p>Ciudad\/Municipio <span class=\"wpcf7-form-control-wrap ciudad ciudad\"><select class=\"wpcf7-form-control wpcf7-ciudad wpcf7-validates-as-required wpcf7-select ciudad\" aria-required=\"true\" aria-invalid=\"false\" name=\"ciudad\" disabled><option value=\"0\">---<\/option><\/select><\/span>\n\t<\/p>\n<\/div>\n<div class=\"col-al-100\">\n\t<p><span class=\"wpcf7-form-control-wrap\" data-name=\"your-message\"><textarea cols=\"40\" rows=\"6\" class=\"wpcf7-form-control wpcf7-textarea wpcf7-validates-as-required\" aria-required=\"true\" aria-invalid=\"false\" placeholder=\"Mensaje\" name=\"your-message\"><\/textarea><\/span>\n\t<\/p>\n<\/div>\n<div class=\"col-al-100\">\n\t<p><input class=\"wpcf7-form-control wpcf7-submit has-spinner btn btn-style-flat btn-color-black font-weight-400\" type=\"submit\" value=\"Enviar\" \/>\n\t<\/p>\n<\/div><div class=\"wpcf7-response-output\" aria-hidden=\"true\"><\/div>\n<\/form>\n<\/div>\n<\/div>\n\t\t\t\t<\/div>\n\t\t\t\t<\/div>\n\t\t\t\t\t<\/div>\n\t\t<\/div>\n\t\t\t\t\t\t\t<\/div>\n\t\t<\/section>\n\t\t\t\t<section class=\"elementor-section elementor-top-section elementor-element elementor-element-3c95dd1 elementor-section-content-top elementor-section-boxed elementor-section-height-default elementor-section-height-default\" data-id=\"3c95dd1\" data-element_type=\"section\" data-settings=\"{&quot;motion_fx_motion_fx_scrolling&quot;:&quot;yes&quot;,&quot;motion_fx_devices&quot;:[&quot;desktop&quot;,&quot;tablet&quot;,&quot;mobile&quot;]}\">\n\t\t\t\t\t\t<div class=\"elementor-container elementor-column-gap-default\">\n\t\t\t\t\t<div class=\"elementor-column elementor-col-33 elementor-top-column elementor-element elementor-element-56c04fe\" data-id=\"56c04fe\" data-element_type=\"column\">\n\t\t\t<div class=\"elementor-widget-wrap elementor-element-populated\">\n\t\t\t\t\t\t\t\t<div class=\"elementor-element elementor-element-4e26f3a elementor-view-framed elementor-position-left elementor-widget__width-auto elementor-widget-mobile__width-inherit elementor-shape-circle elementor-mobile-position-top elementor-vertical-align-top elementor-widget elementor-widget-icon-box\" data-id=\"4e26f3a\" data-element_type=\"widget\" data-widget_type=\"icon-box.default\">\n\t\t\t\t<div class=\"elementor-widget-container\">\n\t\t\t\t\t<div class=\"elementor-icon-box-wrapper\">\n\t\t\t\t\t\t<div class=\"elementor-icon-box-icon\">\n\t\t\t\t<span class=\"elementor-icon elementor-animation-\" >\n\t\t\t\t<i aria-hidden=\"true\" class=\"fas fa-map-marker-alt\"><\/i>\t\t\t\t<\/span>\n\t\t\t<\/div>\n\t\t\t\t\t\t<div class=\"elementor-icon-box-content\">\n\t\t\t\t<h4 class=\"elementor-icon-box-title\">\n\t\t\t\t\t<span  >\n\t\t\t\t\t\tDirecci\u00f3n\t\t\t\t\t<\/span>\n\t\t\t\t<\/h4>\n\t\t\t\t\t\t\t\t\t<p class=\"elementor-icon-box-description\">\n\t\t\t\t\t\tCra 69K # 74b \u2013 11 | Bogot\u00e1 - CO<br>C\u00f3digo postal: 111061028\t\t\t\t\t<\/p>\n\t\t\t\t\t\t\t<\/div>\n\t\t<\/div>\n\t\t\t\t<\/div>\n\t\t\t\t<\/div>\n\t\t\t\t\t<\/div>\n\t\t<\/div>\n\t\t\t\t<div class=\"elementor-column elementor-col-33 elementor-top-column elementor-element elementor-element-90da1ff\" data-id=\"90da1ff\" data-element_type=\"column\">\n\t\t\t<div class=\"elementor-widget-wrap elementor-element-populated\">\n\t\t\t\t\t\t\t\t<div class=\"elementor-element elementor-element-53603a2 elementor-view-framed elementor-position-left elementor-widget__width-auto elementor-widget-mobile__width-inherit elementor-shape-circle elementor-mobile-position-top elementor-vertical-align-top elementor-widget elementor-widget-icon-box\" data-id=\"53603a2\" data-element_type=\"widget\" data-widget_type=\"icon-box.default\">\n\t\t\t\t<div class=\"elementor-widget-container\">\n\t\t\t\t\t<div class=\"elementor-icon-box-wrapper\">\n\t\t\t\t\t\t<div class=\"elementor-icon-box-icon\">\n\t\t\t\t<span class=\"elementor-icon elementor-animation-\" >\n\t\t\t\t<i aria-hidden=\"true\" class=\"fas fa-envelope\"><\/i>\t\t\t\t<\/span>\n\t\t\t<\/div>\n\t\t\t\t\t\t<div class=\"elementor-icon-box-content\">\n\t\t\t\t<h4 class=\"elementor-icon-box-title\">\n\t\t\t\t\t<span  >\n\t\t\t\t\t\tCorreo y mensajeria\t\t\t\t\t<\/span>\n\t\t\t\t<\/h4>\n\t\t\t\t\t\t\t\t\t<p class=\"elementor-icon-box-description\">\n\t\t\t\t\t\tinfo@imporbeer.com.co <br>Telegram: @imporbeer\t\t\t\t\t<\/p>\n\t\t\t\t\t\t\t<\/div>\n\t\t<\/div>\n\t\t\t\t<\/div>\n\t\t\t\t<\/div>\n\t\t\t\t\t<\/div>\n\t\t<\/div>\n\t\t\t\t<div class=\"elementor-column elementor-col-33 elementor-top-column elementor-element elementor-element-f26f046\" data-id=\"f26f046\" data-element_type=\"column\">\n\t\t\t<div class=\"elementor-widget-wrap elementor-element-populated\">\n\t\t\t\t\t\t\t\t<div class=\"elementor-element elementor-element-0b81561 elementor-view-framed elementor-position-left elementor-widget__width-auto elementor-widget-mobile__width-inherit elementor-shape-circle elementor-mobile-position-top elementor-vertical-align-top elementor-widget elementor-widget-icon-box\" data-id=\"0b81561\" data-element_type=\"widget\" data-widget_type=\"icon-box.default\">\n\t\t\t\t<div class=\"elementor-widget-container\">\n\t\t\t\t\t<div class=\"elementor-icon-box-wrapper\">\n\t\t\t\t\t\t<div class=\"elementor-icon-box-icon\">\n\t\t\t\t<span class=\"elementor-icon elementor-animation-\" >\n\t\t\t\t<i aria-hidden=\"true\" class=\"fas fa-phone\"><\/i>\t\t\t\t<\/span>\n\t\t\t<\/div>\n\t\t\t\t\t\t<div class=\"elementor-icon-box-content\">\n\t\t\t\t<h4 class=\"elementor-icon-box-title\">\n\t\t\t\t\t<span  >\n\t\t\t\t\t\tTel\u00e9fonos\t\t\t\t\t<\/span>\n\t\t\t\t<\/h4>\n\t\t\t\t\t\t\t\t\t<p class=\"elementor-icon-box-description\">\n\t\t\t\t\t\tOficina: 601-694 5370<br>WhastApp y Cel:  320 8830267\t\t\t\t\t<\/p>\n\t\t\t\t\t\t\t<\/div>\n\t\t<\/div>\n\t\t\t\t<\/div>\n\t\t\t\t<\/div>\n\t\t\t\t\t<\/div>\n\t\t<\/div>\n\t\t\t\t\t\t\t<\/div>\n\t\t<\/section>\n\t\t\t\t\t\t\t<\/div>\n\t\t","protected":false},"excerpt":{"rendered":"<p>Contacto Direcci\u00f3n Cra 69K # 74b \u2013 11 | Bogot\u00e1 &#8211; CO C\u00f3digo postal: 111061028 Correo y mensajeria info@imporbeer.com.co Telegram: @imporbeer Tel\u00e9fonos Oficina: 601-694 5370 WhastApp y Cel: 320 8830267<\/p>\n","protected":false},"author":1,"featured_media":0,"parent":0,"menu_order":0,"comment_status":"closed","ping_status":"closed","template":"","meta":{"site-sidebar-layout":"no-sidebar","site-content-layout":"page-builder","ast-site-content-layout":"","site-content-style":"default","site-sidebar-style":"default","ast-global-header-display":"","ast-banner-title-visibility":"","ast-main-header-display":"","ast-hfb-above-header-display":"","ast-hfb-below-header-display":"","ast-hfb-mobile-header-display":"","site-post-title":"disabled","ast-breadcrumbs-content":"","ast-featured-img":"","footer-sml-layout":"","theme-transparent-header-meta":"disabled","adv-header-id-meta":null,"stick-header-meta":"default","header-above-stick-meta":null,"header-main-stick-meta":"","header-below-stick-meta":null,"astra-migrate-meta-layouts":"","footnotes":""},"class_list":["post-12","page","type-page","status-publish","hentry"],"acf":[],"yoast_head":"<!-- This site is optimized with the Yoast SEO plugin v21.0 - https:\/\/yoast.com\/wordpress\/plugins\/seo\/ -->\n<title>Contacto - IMPORBEER<\/title>\n<meta name=\"robots\" content=\"index, follow, max-snippet:-1, max-image-preview:large, max-video-preview:-1\" \/>\n<link rel=\"canonical\" href=\"https:\/\/imporbeer.com.co\/portal-corporativo\/contacto\/\" \/>\n<meta property=\"og:locale\" content=\"es_ES\" \/>\n<meta property=\"og:type\" content=\"article\" \/>\n<meta property=\"og:title\" content=\"Contacto - IMPORBEER\" \/>\n<meta property=\"og:description\" content=\"Contacto Direcci\u00f3n Cra 69K # 74b \u2013 11 | Bogot\u00e1 &#8211; CO C\u00f3digo postal: 111061028 Correo y mensajeria info@imporbeer.com.co Telegram: @imporbeer Tel\u00e9fonos Oficina: 601-694 5370 WhastApp y Cel: 320 8830267\" \/>\n<meta property=\"og:url\" content=\"https:\/\/imporbeer.com.co\/portal-corporativo\/contacto\/\" \/>\n<meta property=\"og:site_name\" content=\"IMPORBEER\" \/>\n<meta property=\"article:modified_time\" content=\"2021-12-17T00:17:33+00:00\" \/>\n<meta property=\"og:image\" content=\"https:\/\/imporbeer.com.co\/portal-corporativo\/wp-content\/uploads\/2021\/11\/importadora-de-cervezas-imporbeer.png\" \/>\n<meta name=\"twitter:card\" content=\"summary_large_image\" \/>\n<script type=\"application\/ld+json\" class=\"yoast-schema-graph\">{\"@context\":\"https:\/\/schema.org\",\"@graph\":[{\"@type\":\"WebPage\",\"@id\":\"https:\/\/imporbeer.com.co\/portal-corporativo\/contacto\/\",\"url\":\"https:\/\/imporbeer.com.co\/portal-corporativo\/contacto\/\",\"name\":\"Contacto - IMPORBEER\",\"isPartOf\":{\"@id\":\"https:\/\/imporbeer.com.co\/portal-corporativo\/#website\"},\"datePublished\":\"2019-01-23T11:32:08+00:00\",\"dateModified\":\"2021-12-17T00:17:33+00:00\",\"breadcrumb\":{\"@id\":\"https:\/\/imporbeer.com.co\/portal-corporativo\/contacto\/#breadcrumb\"},\"inLanguage\":\"es\",\"potentialAction\":[{\"@type\":\"ReadAction\",\"target\":[\"https:\/\/imporbeer.com.co\/portal-corporativo\/contacto\/\"]}]},{\"@type\":\"BreadcrumbList\",\"@id\":\"https:\/\/imporbeer.com.co\/portal-corporativo\/contacto\/#breadcrumb\",\"itemListElement\":[{\"@type\":\"ListItem\",\"position\":1,\"name\":\"Inicio\",\"item\":\"https:\/\/imporbeer.com.co\/portal-corporativo\/\"},{\"@type\":\"ListItem\",\"position\":2,\"name\":\"Contacto\"}]},{\"@type\":\"WebSite\",\"@id\":\"https:\/\/imporbeer.com.co\/portal-corporativo\/#website\",\"url\":\"https:\/\/imporbeer.com.co\/portal-corporativo\/\",\"name\":\"IMPORBEER\",\"description\":\"Portal Corporativo_Portal Clientes\",\"publisher\":{\"@id\":\"https:\/\/imporbeer.com.co\/portal-corporativo\/#organization\"},\"potentialAction\":[{\"@type\":\"SearchAction\",\"target\":{\"@type\":\"EntryPoint\",\"urlTemplate\":\"https:\/\/imporbeer.com.co\/portal-corporativo\/?s={search_term_string}\"},\"query-input\":\"required name=search_term_string\"}],\"inLanguage\":\"es\"},{\"@type\":\"Organization\",\"@id\":\"https:\/\/imporbeer.com.co\/portal-corporativo\/#organization\",\"name\":\"IMPORBEER\",\"url\":\"https:\/\/imporbeer.com.co\/portal-corporativo\/\",\"logo\":{\"@type\":\"ImageObject\",\"inLanguage\":\"es\",\"@id\":\"https:\/\/imporbeer.com.co\/portal-corporativo\/#\/schema\/logo\/image\/\",\"url\":\"https:\/\/i0.wp.com\/imporbeer.com.co\/portal-corporativo\/wp-content\/uploads\/2021\/11\/cropped-logo-imporbeer.png?fit=232%2C78&ssl=1\",\"contentUrl\":\"https:\/\/i0.wp.com\/imporbeer.com.co\/portal-corporativo\/wp-content\/uploads\/2021\/11\/cropped-logo-imporbeer.png?fit=232%2C78&ssl=1\",\"width\":232,\"height\":78,\"caption\":\"IMPORBEER\"},\"image\":{\"@id\":\"https:\/\/imporbeer.com.co\/portal-corporativo\/#\/schema\/logo\/image\/\"}}]}<\/script>\n<!-- \/ Yoast SEO plugin. -->","yoast_head_json":{"title":"Contacto - IMPORBEER","robots":{"index":"index","follow":"follow","max-snippet":"max-snippet:-1","max-image-preview":"max-image-preview:large","max-video-preview":"max-video-preview:-1"},"canonical":"https:\/\/imporbeer.com.co\/portal-corporativo\/contacto\/","og_locale":"es_ES","og_type":"article","og_title":"Contacto - IMPORBEER","og_description":"Contacto Direcci\u00f3n Cra 69K # 74b \u2013 11 | Bogot\u00e1 &#8211; CO C\u00f3digo postal: 111061028 Correo y mensajeria info@imporbeer.com.co Telegram: @imporbeer Tel\u00e9fonos Oficina: 601-694 5370 WhastApp y Cel: 320 8830267","og_url":"https:\/\/imporbeer.com.co\/portal-corporativo\/contacto\/","og_site_name":"IMPORBEER","article_modified_time":"2021-12-17T00:17:33+00:00","og_image":[{"url":"https:\/\/imporbeer.com.co\/portal-corporativo\/wp-content\/uploads\/2021\/11\/importadora-de-cervezas-imporbeer.png"}],"twitter_card":"summary_large_image","schema":{"@context":"https:\/\/schema.org","@graph":[{"@type":"WebPage","@id":"https:\/\/imporbeer.com.co\/portal-corporativo\/contacto\/","url":"https:\/\/imporbeer.com.co\/portal-corporativo\/contacto\/","name":"Contacto - IMPORBEER","isPartOf":{"@id":"https:\/\/imporbeer.com.co\/portal-corporativo\/#website"},"datePublished":"2019-01-23T11:32:08+00:00","dateModified":"2021-12-17T00:17:33+00:00","breadcrumb":{"@id":"https:\/\/imporbeer.com.co\/portal-corporativo\/contacto\/#breadcrumb"},"inLanguage":"es","potentialAction":[{"@type":"ReadAction","target":["https:\/\/imporbeer.com.co\/portal-corporativo\/contacto\/"]}]},{"@type":"BreadcrumbList","@id":"https:\/\/imporbeer.com.co\/portal-corporativo\/contacto\/#breadcrumb","itemListElement":[{"@type":"ListItem","position":1,"name":"Inicio","item":"https:\/\/imporbeer.com.co\/portal-corporativo\/"},{"@type":"ListItem","position":2,"name":"Contacto"}]},{"@type":"WebSite","@id":"https:\/\/imporbeer.com.co\/portal-corporativo\/#website","url":"https:\/\/imporbeer.com.co\/portal-corporativo\/","name":"IMPORBEER","description":"Portal Corporativo_Portal Clientes","publisher":{"@id":"https:\/\/imporbeer.com.co\/portal-corporativo\/#organization"},"potentialAction":[{"@type":"SearchAction","target":{"@type":"EntryPoint","urlTemplate":"https:\/\/imporbeer.com.co\/portal-corporativo\/?s={search_term_string}"},"query-input":"required name=search_term_string"}],"inLanguage":"es"},{"@type":"Organization","@id":"https:\/\/imporbeer.com.co\/portal-corporativo\/#organization","name":"IMPORBEER","url":"https:\/\/imporbeer.com.co\/portal-corporativo\/","logo":{"@type":"ImageObject","inLanguage":"es","@id":"https:\/\/imporbeer.com.co\/portal-corporativo\/#\/schema\/logo\/image\/","url":"https:\/\/i0.wp.com\/imporbeer.com.co\/portal-corporativo\/wp-content\/uploads\/2021\/11\/cropped-logo-imporbeer.png?fit=232%2C78&ssl=1","contentUrl":"https:\/\/i0.wp.com\/imporbeer.com.co\/portal-corporativo\/wp-content\/uploads\/2021\/11\/cropped-logo-imporbeer.png?fit=232%2C78&ssl=1","width":232,"height":78,"caption":"IMPORBEER"},"image":{"@id":"https:\/\/imporbeer.com.co\/portal-corporativo\/#\/schema\/logo\/image\/"}}]}},"jetpack_shortlink":"https:\/\/wp.me\/PdAVaz-c","_links":{"self":[{"href":"https:\/\/imporbeer.com.co\/portal-corporativo\/wp-json\/wp\/v2\/pages\/12","targetHints":{"allow":["GET"]}}],"collection":[{"href":"https:\/\/imporbeer.com.co\/portal-corporativo\/wp-json\/wp\/v2\/pages"}],"about":[{"href":"https:\/\/imporbeer.com.co\/portal-corporativo\/wp-json\/wp\/v2\/types\/page"}],"author":[{"embeddable":true,"href":"https:\/\/imporbeer.com.co\/portal-corporativo\/wp-json\/wp\/v2\/users\/1"}],"replies":[{"embeddable":true,"href":"https:\/\/imporbeer.com.co\/portal-corporativo\/wp-json\/wp\/v2\/comments?post=12"}],"version-history":[{"count":56,"href":"https:\/\/imporbeer.com.co\/portal-corporativo\/wp-json\/wp\/v2\/pages\/12\/revisions"}],"predecessor-version":[{"id":3607,"href":"https:\/\/imporbeer.com.co\/portal-corporativo\/wp-json\/wp\/v2\/pages\/12\/revisions\/3607"}],"wp:attachment":[{"href":"https:\/\/imporbeer.com.co\/portal-corporativo\/wp-json\/wp\/v2\/media?parent=12"}],"curies":[{"name":"wp","href":"https:\/\/api.w.org\/{rel}","templated":true}]}}